{"id":598,"date":"2025-05-20T13:40:04","date_gmt":"2025-05-20T13:40:04","guid":{"rendered":"https:\/\/visitesmoroccotravel.com\/?page_id=598"},"modified":"2025-05-20T13:41:57","modified_gmt":"2025-05-20T13:41:57","slug":"day-trips","status":"publish","type":"page","link":"https:\/\/visitesmoroccotravel.com\/pt\/day-trips\/","title":{"rendered":"Viagens de um dia"},"content":{"rendered":"<div data-elementor-type=\"wp-page\" data-elementor-id=\"598\" class=\"elementor elementor-598\" data-elementor-post-type=\"page\">\n\t\t\t\t<div class=\"elementor-element elementor-element-62ee75b e-flex e-con-boxed e-con e-parent\" data-id=\"62ee75b\" data-element_type=\"container\" data-e-type=\"container\" data-settings=\"{&quot;background_background&quot;:&quot;classic&quot;}\">\n\t\t\t\t\t<div class=\"e-con-inner\">\n\t\t\t\t<div class=\"elementor-element elementor-element-bdcc5ab elementor-widget elementor-widget-heading\" data-id=\"bdcc5ab\" data-element_type=\"widget\" data-e-type=\"widget\" data-widget_type=\"heading.default\">\n\t\t\t\t<div class=\"elementor-widget-container\">\n\t\t\t\t\t<h2 class=\"elementor-heading-title elementor-size-default\">Viagens de um dia em Marrocos <\/h2>\t\t\t\t<\/div>\n\t\t\t\t<\/div>\n\t\t\t\t<div class=\"elementor-element elementor-element-ec727a6 elementor-widget__width-initial elementor-widget-mobile__width-initial elementor-widget elementor-widget-text-editor\" data-id=\"ec727a6\" data-element_type=\"widget\" data-e-type=\"widget\" data-widget_type=\"text-editor.default\">\n\t\t\t\t<div class=\"elementor-widget-container\">\n\t\t\t\t\t\t\t\t\t<p style=\"text-align: center;\">Todos os nossos produtos premium <strong data-start=\"113\" data-end=\"134\">Viagens de um dia em Marrocos<\/strong> s\u00e3o concebidos tendo em mente a flexibilidade e a exclusividade. A sele\u00e7\u00e3o selecionada abaixo reflecte os nossos 8 anos de experi\u00eancia pr\u00e1tica na ind\u00fastria da hotelaria e do turismo<\/p>\t\t\t\t\t\t\t\t<\/div>\n\t\t\t\t<\/div>\n\t\t\t\t\t<\/div>\n\t\t\t\t<\/div>\n\t\t<div class=\"elementor-element elementor-element-7e80971 e-flex e-con-boxed e-con e-parent\" data-id=\"7e80971\" data-element_type=\"container\" data-e-type=\"container\">\n\t\t\t\t\t<div class=\"e-con-inner\">\n\t\t\t\t<div class=\"elementor-element elementor-element-06e737d elementor-widget elementor-widget-html\" data-id=\"06e737d\" data-element_type=\"widget\" data-e-type=\"widget\" data-widget_type=\"html.default\">\n\t\t\t\t<div class=\"elementor-widget-container\">\n\t\t\t\t\t<!DOCTYPE html>\r\n<html lang=\"en\">\r\n<head>\r\n  <meta charset=\"UTF-8\" \/>\r\n  <meta name=\"viewport\" content=\"width=device-width, initial-scale=1.0\" \/>\r\n  <title>Premium Travel Experiences<\/title>\r\n  <link rel=\"stylesheet\" href=\"https:\/\/cdnjs.cloudflare.com\/ajax\/libs\/font-awesome\/6.4.0\/css\/all.min.css\">\r\n  <style>\r\n    :root {\r\n      --primary: #3a5a78;\r\n      --secondary: #5e9b8c;\r\n      --accent: #e67e22;\r\n      --light: #f5f7fa;\r\n      --dark: #2c3e50;\r\n      --whatsapp: #25D366;\r\n      --day-icon: #e74c3c;\r\n    }\r\n    \r\n    body {\r\n      font-family: 'Segoe UI', Roboto, 'Helvetica Neue', sans-serif;\r\n      background: #ffffff);\r\n      color: var(--dark);\r\n      line-height: 1.6;\r\n      \r\n    }\r\n    \r\n    .header {\r\n      text-align: center;\r\n      margin-bottom: 50px;\r\n    }\r\n    \r\n    .header h1 {\r\n      font-weight: 300;\r\n      font-size: 3rem;\r\n      margin-bottom: 10px;\r\n      color: var(--dark);\r\n    }\r\n    \r\n    .header p {\r\n      color: #6c757d;\r\n      font-size: 1.2rem;\r\n      max-width: 700px;\r\n      margin: 0 auto;\r\n    }\r\n    \r\n    .cards {\r\n      display: grid;\r\n      grid-template-columns: repeat(auto-fit, minmax(350px, 1fr));\r\n      gap: 30px;\r\n      max-width: 1300px;\r\n      margin: 0 auto;\r\n    }\r\n    \r\n    .card {\r\n      background: white;\r\n      border-radius: 12px;\r\n      overflow: hidden;\r\n      box-shadow: 0 4px 15px rgba(0, 0, 0, 0.08);\r\n      transition: transform 0.3s ease, box-shadow 0.3s ease;\r\n      border: 1px solid #e9ecef;\r\n    }\r\n    \r\n    .card:hover {\r\n      transform: translateY(-10px);\r\n      box-shadow: 0 15px 30px rgba(0, 0, 0, 0.12);\r\n    }\r\n    \r\n    .card-image {\r\n      height: 310px;\r\n      overflow: hidden;\r\n      position: relative;\r\n    }\r\n    \r\n    .card-image img {\r\n      width: 100%;\r\n      height: 100%;\r\n      object-fit: cover;\r\n      transition: transform 0.5s ease;\r\n    }\r\n    \r\n    .card:hover .card-image img {\r\n      transform: scale(1.05);\r\n    }\r\n    \r\n    .day-badge {\r\n      position: absolute;\r\n      top: 20px;\r\n      right: 20px;\r\n      background: var(--day-icon);\r\n      color: white;\r\n      padding: 10px 18px;\r\n      border-radius: 6px;\r\n      font-size: 16px;\r\n      font-weight: 600;\r\n      display: flex;\r\n      align-items: center;\r\n    }\r\n    \r\n    .day-badge i {\r\n      margin-right: 8px;\r\n      font-size: 1.2rem;\r\n    }\r\n    \r\n    .card-content {\r\n      padding: 25px;\r\n    }\r\n    \r\n    .tour-title {\r\n      font-weight: 300;\r\n      font-size: 1.5rem;\r\n      margin: 0 0 20px 0;\r\n      color: var(--dark);\r\n    }\r\n    \r\n    .details {\r\n      display: grid;\r\n      grid-template-columns: repeat(2, 1fr);\r\n      gap: 20px;\r\n      margin-bottom: 25px;\r\n      padding-bottom: 25px;\r\n      border-bottom: 1px solid #e9ecef;\r\n    }\r\n    \r\n    .detail-item {\r\n      display: flex;\r\n      align-items: flex-start;\r\n    }\r\n    \r\n    .detail-item i {\r\n      margin-right: 10px;\r\n      color: var(--accent);\r\n      font-size: 1.4rem;\r\n      margin-top: 3px;\r\n    }\r\n    \r\n    .detail-text {\r\n      flex: 1;\r\n    }\r\n    \r\n    .detail-label {\r\n      font-size: 0.8rem;\r\n      color: #6c757d;\r\n      text-transform: uppercase;\r\n      letter-spacing: 0.5px;\r\n      margin-bottom: 3px;\r\n    }\r\n    \r\n    .detail-value {\r\n      font-size: 1rem;\r\n      font-weight: 500;\r\n      color: var(--dark);\r\n    }\r\n    \r\n    .actions {\r\n      display: grid;\r\n      grid-template-columns: 1fr 1fr;\r\n      gap: 15px;\r\n    }\r\n    \r\n    .action-btn {\r\n      padding: 14px;\r\n      border: none;\r\n      border-radius: 6px;\r\n      font-weight: 600;\r\n      cursor: pointer;\r\n      transition: all 0.2s;\r\n      display: flex;\r\n      align-items: center;\r\n      justify-content: center;\r\n      font-size: 1rem;\r\n      text-decoration: none;\r\n    }\r\n    \r\n    .action-btn i {\r\n      margin-right: 10px;\r\n      font-size: 1.1rem;\r\n    }\r\n    \r\n    .action-btn.call {\r\n      background: red;\r\n      color:  white;\r\n    }\r\n    \r\n    .action-btn.whatsapp {\r\n      background: var(--whatsapp);\r\n      color: white;\r\n    }\r\n    \r\n    .action-btn.book {\r\n      grid-column: span 2;\r\n      background: var(--accent);\r\n      color: white;\r\n    }\r\n    \r\n    .action-btn:hover {\r\n      opacity: 0.9;\r\n      transform: translateY(-3px);\r\n      box-shadow: 0 4px 8px rgba(0, 0, 0, 0.1);\r\n    }\r\n    \r\n    @media (max-width: 768px) {\r\n      .cards {\r\n        grid-template-columns: repeat(auto-fit, minmax(300px, 1fr));\r\n        gap: 25px;\r\n      }\r\n      \r\n      .card-image {\r\n        height: 240px;\r\n      }\r\n      \r\n      .details {\r\n        grid-template-columns: 1fr 1fr;\r\n        gap: 15px;\r\n      }\r\n      \r\n      .detail-item i {\r\n        font-size: 1.2rem;\r\n      }\r\n      \r\n      .detail-value {\r\n        font-size: 0.95rem;\r\n      }\r\n    }\r\n    \r\n    @media (max-width: 480px) {\r\n      body {\r\n        padding: 30px 15px;\r\n      }\r\n      \r\n      .header h1 {\r\n        font-size: 2.2rem;\r\n      }\r\n      \r\n      .header p {\r\n        font-size: 1rem;\r\n      }\r\n      \r\n      .cards {\r\n        grid-template-columns: 1fr;\r\n      }\r\n      \r\n      .day-badge {\r\n        padding: 8px 14px;\r\n        font-size: 14px;\r\n      }\r\n    }\r\n  <\/style>\r\n<\/head>\r\n<body>\r\n  <div class=\"container\">\r\n    <div class=\"header\">\r\n      <h1>Experi\u00eancias de um dia Premium<\/h1>\r\n      <p>Mergulhe nas paisagens de cortar a respira\u00e7\u00e3o de Marrocos com a nossa cole\u00e7\u00e3o de viagens de um dia excepcionais<\/p>\r\n    <\/div>\r\n    \r\n    <div class=\"cards\">\r\n      <!-- Imlil Valley Adventure -->\r\n      <div class=\"card\">\r\n        <div class=\"card-image\">\r\n          <img decoding=\"async\" src=\"https:\/\/visitesmoroccotravel.com\/wp-content\/uploads\/2025\/05\/2-3-1.png\" alt=\"Imlil Valley Adventure\" \/>\r\n          <div class=\"card-badge\"><i class=\"fas fa-clock\"><\/i> Excurs\u00e3o de dia inteiro<\/div>\r\n        <\/div>\r\n        <div class=\"card-content\">\r\n          <h3 class=\"tour-title\">Aventura no Vale de Imlil<\/h3>\r\n          \r\n          <div class=\"details\">\r\n            <div class=\"detail-item\">\r\n              <i class=\"fas fa-hiking\"><\/i>\r\n              <div class=\"detail-text\">\r\n                <div class=\"detail-label\">Atividade<\/div>\r\n                <div class=\"detail-value\">Caminhada moderada<\/div>\r\n              <\/div>\r\n            <\/div>\r\n            <div class=\"detail-item\">\r\n              <i class=\"fas fa-mountain\"><\/i>\r\n              <div class=\"detail-text\">\r\n                <div class=\"detail-label\">Cen\u00e1rio<\/div>\r\n                <div class=\"detail-value\">Atlas Peaks<\/div>\r\n              <\/div>\r\n            <\/div>\r\n          <\/div>\r\n          \r\n          <div class=\"actions\">\r\n            <a href=\"tel:+212604753544\" class=\"action-btn call\"><i class=\"fas fa-phone-alt\"><\/i> Chamada<\/a>\r\n            <a href=\"https:\/\/wa.link\/f6ptx5\" target=\"_blank\" class=\"action-btn whatsapp\"><i class=\"fab fa-whatsapp\"><\/i> Conversa<\/a>\r\n            <a href=\"https:\/\/visitesmoroccotravel.com\/pt\/imlil-valley-adventure\/\" class=\"action-btn book\"><i class=\"fas fa-calendar-alt\"><\/i> Reservar agora<\/a>\r\n          <\/div>\r\n        <\/div>\r\n      <\/div>\r\n\r\n      <!-- Ourika Valley Day Trip -->\r\n      <div class=\"card\">\r\n        <div class=\"card-image\">\r\n          <img decoding=\"async\" src=\"https:\/\/visitesmoroccotravel.com\/wp-content\/uploads\/2025\/05\/3-1-1.png\" alt=\"Ourika Valley Day Trip\" \/>\r\n          <div class=\"card-badge\"><i class=\"fas fa-clock\"><\/i> Excurs\u00e3o de dia inteiro<\/div>\r\n        <\/div>\r\n        <div class=\"card-content\">\r\n          <h3 class=\"tour-title\">Escapadela ao Vale do Ourika<\/h3>\r\n          \r\n          <div class=\"details\">\r\n            <div class=\"detail-item\">\r\n              <i class=\"fas fa-hiking\"><\/i>\r\n              <div class=\"detail-text\">\r\n                <div class=\"detail-label\">Atividade<\/div>\r\n                <div class=\"detail-value\">Passeio de lazer<\/div>\r\n              <\/div>\r\n            <\/div>\r\n            <div class=\"detail-item\">\r\n              <i class=\"fas fa-water\"><\/i>\r\n              <div class=\"detail-text\">\r\n                <div class=\"detail-label\">Destaques<\/div>\r\n                <div class=\"detail-value\">Sete cascatas<\/div>\r\n              <\/div>\r\n            <\/div>\r\n          <\/div>\r\n          \r\n          <div class=\"actions\">\r\n            <a href=\"tel:+212604753544\" class=\"action-btn call\"><i class=\"fas fa-phone-alt\"><\/i> Chamada<\/a>\r\n            <a href=\"https:\/\/wa.link\/f6ptx5\" target=\"_blank\" class=\"action-btn whatsapp\"><i class=\"fab fa-whatsapp\"><\/i> Conversa<\/a>\r\n            <a href=\"https:\/\/visitesmoroccotravel.com\/pt\/ourika-valley-day-trip\/\" class=\"action-btn book\"><i class=\"fas fa-calendar-alt\"><\/i> Reservar agora<\/a>\r\n          <\/div>\r\n        <\/div>\r\n      <\/div>\r\n\r\n      <!-- Ouzoud Waterfalls Excursion -->\r\n      <div class=\"card\">\r\n        <div class=\"card-image\">\r\n          <img decoding=\"async\" src=\"https:\/\/visitesmoroccotravel.com\/wp-content\/uploads\/2025\/05\/62-1.png\" alt=\"Ouzoud Waterfalls Excursion\" \/>\r\n          <div class=\"card-badge\"><i class=\"fas fa-clock\"><\/i> Excurs\u00e3o de dia inteiro<\/div>\r\n        <\/div>\r\n        <div class=\"card-content\">\r\n          <h3 class=\"tour-title\">Descoberta das cataratas de Ouzoud<\/h3>\r\n          \r\n          <div class=\"details\">\r\n            <div class=\"detail-item\">\r\n              <i class=\"fas fa-hiking\"><\/i>\r\n              <div class=\"detail-text\">\r\n                <div class=\"detail-label\">Atividade<\/div>\r\n                <div class=\"detail-value\">Caminhada moderada<\/div>\r\n              <\/div>\r\n            <\/div>\r\n            <div class=\"detail-item\">\r\n              <i class=\"fas fa-water\"><\/i>\r\n              <div class=\"detail-text\">\r\n                <div class=\"detail-label\">Carater\u00edstica<\/div>\r\n                <div class=\"detail-value\">Cascata de 110m<\/div>\r\n              <\/div>\r\n            <\/div>\r\n          <\/div>\r\n          \r\n          <div class=\"actions\">\r\n            <a href=\"tel:+212604753544\" class=\"action-btn call\"><i class=\"fas fa-phone-alt\"><\/i> Chamada<\/a>\r\n            <a href=\"https:\/\/wa.link\/f6ptx5\" target=\"_blank\" class=\"action-btn whatsapp\"><i class=\"fab fa-whatsapp\"><\/i> Conversa<\/a>\r\n            <a href=\"https:\/\/visitesmoroccotravel.com\/pt\/ouzoud-waterfalls-excursion\/\" class=\"action-btn book\"><i class=\"fas fa-calendar-alt\"><\/i> Reservar agora<\/a>\r\n          <\/div>\r\n        <\/div>\r\n      <\/div>\r\n    <\/div>\r\n  <\/div>\r\n<\/body>\r\n<\/html>\t\t\t\t<\/div>\n\t\t\t\t<\/div>\n\t\t\t\t\t<\/div>\n\t\t\t\t<\/div>\n\t\t\t\t<\/div>","protected":false},"excerpt":{"rendered":"<p>Morocco Day Trips All of our premium Morocco Day Trips are &#8230; <\/p>","protected":false},"author":1,"featured_media":0,"parent":0,"menu_order":0,"comment_status":"closed","ping_status":"closed","template":"elementor_header_footer","meta":{"footnotes":""},"class_list":["post-598","page","type-page","status-publish","hentry"],"_links":{"self":[{"href":"https:\/\/visitesmoroccotravel.com\/pt\/wp-json\/wp\/v2\/pages\/598","targetHints":{"allow":["GET"]}}],"collection":[{"href":"https:\/\/visitesmoroccotravel.com\/pt\/wp-json\/wp\/v2\/pages"}],"about":[{"href":"https:\/\/visitesmoroccotravel.com\/pt\/wp-json\/wp\/v2\/types\/page"}],"author":[{"embeddable":true,"href":"https:\/\/visitesmoroccotravel.com\/pt\/wp-json\/wp\/v2\/users\/1"}],"replies":[{"embeddable":true,"href":"https:\/\/visitesmoroccotravel.com\/pt\/wp-json\/wp\/v2\/comments?post=598"}],"version-history":[{"count":7,"href":"https:\/\/visitesmoroccotravel.com\/pt\/wp-json\/wp\/v2\/pages\/598\/revisions"}],"predecessor-version":[{"id":609,"href":"https:\/\/visitesmoroccotravel.com\/pt\/wp-json\/wp\/v2\/pages\/598\/revisions\/609"}],"wp:attachment":[{"href":"https:\/\/visitesmoroccotravel.com\/pt\/wp-json\/wp\/v2\/media?parent=598"}],"curies":[{"name":"wp","href":"https:\/\/api.w.org\/{rel}","templated":true}]}}